{"id":486,"date":"2022-11-22T03:14:31","date_gmt":"2022-11-22T01:14:31","guid":{"rendered":"https:\/\/3null.nothing-else-better.de\/?page_id=486"},"modified":"2022-11-22T03:14:32","modified_gmt":"2022-11-22T01:14:32","slug":"links","status":"publish","type":"page","link":"https:\/\/3null.nothing-else-better.de\/?page_id=486","title":{"rendered":"Links"},"content":{"rendered":"\n<div class=\"wp-block-columns is-layout-flex wp-container-core-columns-is-layout-9d6595d7 wp-block-columns-is-layout-flex\">\n<div class=\"wp-block-column is-layout-flow wp-block-column-is-layout-flow\">\n<div class=\"wp-block-buttons is-content-justification-center is-layout-flex wp-container-core-buttons-is-layout-16018d1d wp-block-buttons-is-layout-flex\">\n<div class=\"wp-block-button aligncenter has-custom-width wp-block-button__width-75 has-custom-font-size is-style-outline has-normal-font-size is-style-outline--1\"><a class=\"wp-block-button__link wp-element-button\" href=\"https:\/\/www.thomann.de\/de\/index.html?partner_id=17862\" style=\"border-radius:12px\" target=\"_blank\" rel=\"noopener\">Thomann<\/a><\/div>\n<\/div>\n\n\n\n<p><\/p>\n\n\n\n<p class=\"has-text-align-center\">Europas gr\u00f6\u00dftes Musikversandhaus.<\/p>\n\n\n<div class=\"wp-block-image\">\n<figure class=\"aligncenter size-large is-resized\"><a href=\"https:\/\/www.thomann.de\/de\/index.html?partner_id=17862\" target=\"_blank\" rel=\"noreferrer noopener\"><img loading=\"lazy\" decoding=\"async\" src=\"https:\/\/www.thomann.de\/bilder\/linkpartn1.gif\" alt=\"Referral-Link\" width=\"110\" height=\"35\"\/><\/a><\/figure><\/div><\/div>\n\n\n\n<div class=\"wp-block-column is-layout-flow wp-block-column-is-layout-flow\">\n<div class=\"wp-block-buttons is-content-justification-center is-layout-flex wp-container-core-buttons-is-layout-16018d1d wp-block-buttons-is-layout-flex\">\n<div class=\"wp-block-button has-custom-width wp-block-button__width-75 is-style-outline is-style-outline--2\"><a class=\"wp-block-button__link wp-element-button\" href=\"http:\/\/www.nunwood-audio.de\" style=\"border-radius:12px\" target=\"_blank\" rel=\"noopener\">Nunwood Audio<\/a><\/div>\n<\/div>\n\n\n\n<p><\/p>\n\n\n\n<p class=\"has-text-align-center\">Audioproduktion f\u00fcr Musik-, Gesangs- und Sprachaufnahmen<\/p>\n<\/div>\n\n\n\n<div class=\"wp-block-column is-layout-flow wp-block-column-is-layout-flow\"><\/div>\n<\/div>\n","protected":false},"excerpt":{"rendered":"<p>Europas gr\u00f6\u00dftes Musikversandhaus. Audioproduktion f\u00fcr Musik-, Gesangs- und Sprachaufnahmen<\/p>\n","protected":false},"author":1,"featured_media":0,"parent":0,"menu_order":0,"comment_status":"closed","ping_status":"closed","template":"","meta":{"footnotes":""},"class_list":["post-486","page","type-page","status-publish","hentry"],"_links":{"self":[{"href":"https:\/\/3null.nothing-else-better.de\/index.php?rest_route=\/wp\/v2\/pages\/486","targetHints":{"allow":["GET"]}}],"collection":[{"href":"https:\/\/3null.nothing-else-better.de\/index.php?rest_route=\/wp\/v2\/pages"}],"about":[{"href":"https:\/\/3null.nothing-else-better.de\/index.php?rest_route=\/wp\/v2\/types\/page"}],"author":[{"embeddable":true,"href":"https:\/\/3null.nothing-else-better.de\/index.php?rest_route=\/wp\/v2\/users\/1"}],"replies":[{"embeddable":true,"href":"https:\/\/3null.nothing-else-better.de\/index.php?rest_route=%2Fwp%2Fv2%2Fcomments&post=486"}],"version-history":[{"count":8,"href":"https:\/\/3null.nothing-else-better.de\/index.php?rest_route=\/wp\/v2\/pages\/486\/revisions"}],"predecessor-version":[{"id":496,"href":"https:\/\/3null.nothing-else-better.de\/index.php?rest_route=\/wp\/v2\/pages\/486\/revisions\/496"}],"wp:attachment":[{"href":"https:\/\/3null.nothing-else-better.de\/index.php?rest_route=%2Fwp%2Fv2%2Fmedia&parent=486"}],"curies":[{"name":"wp","href":"https:\/\/api.w.org\/{rel}","templated":true}]}}