{"id":5,"date":"2019-04-07T22:42:08","date_gmt":"2019-04-07T20:42:08","guid":{"rendered":"http:\/\/3null.nothing-else-better.de\/?page_id=5"},"modified":"2019-04-09T22:15:00","modified_gmt":"2019-04-09T20:15:00","slug":"band","status":"publish","type":"page","link":"https:\/\/3null.nothing-else-better.de\/?page_id=5","title":{"rendered":"Band"},"content":{"rendered":"\n<figure class=\"wp-block-image alignwide\"><img loading=\"lazy\" decoding=\"async\" width=\"912\" height=\"220\" src=\"https:\/\/3null.nothing-else-better.de\/wp-content\/uploads\/2019\/04\/neb_band_03.jpg\" alt=\"\" class=\"wp-image-241\" srcset=\"https:\/\/3null.nothing-else-better.de\/wp-content\/uploads\/2019\/04\/neb_band_03.jpg 912w, https:\/\/3null.nothing-else-better.de\/wp-content\/uploads\/2019\/04\/neb_band_03-300x72.jpg 300w, https:\/\/3null.nothing-else-better.de\/wp-content\/uploads\/2019\/04\/neb_band_03-768x185.jpg 768w\" sizes=\"auto, (max-width: 912px) 100vw, 912px\" \/><\/figure>\n\n\n\n<p>Drei enge Freunde, unterschiedliche musikalische Einfl\u00fcsse von Rock bis Folk, eine gemeinsame Leidenschaft.<\/p>\n\n\n\n<p>Handgemachte Musik mit Herz, Leib und Seele &#8211; das ist es, was wir beherrschen wie nichts anderes im Leben. Darum gibt es f\u00fcr uns zusammen nichts Besseres, als miteinander auf der B\u00fchne zu stehen: Nothing Else Better.<\/p>\n\n\n\n<p>Was 1998 in einem kleinen Pub begann, ist im Laufe der Jahre zu einem energiegeladenen Unplugged-Projekt mit stimmungsvollen Songs aus eigener Feder und explosiven Covers geworden. <\/p>\n\n\n\n<p>Gitarre, Cajon und Bass reichen aus, um den Acoustic-Vulkan auf und vor der B\u00fchne zum Brodeln zu bringen. Und dennoch haben wir f\u00fcr das eine oder andere St\u00fcck eine \u00dcberraschung zur Hand, denn \u00fcblicherweise stehen bei Nothing Else Better mehr Instrumente als Musiker auf der B\u00fchne. <\/p>\n\n\n\n<div class=\"wp-block-media-text\" style=\"grid-template-columns:14% auto\"><figure class=\"wp-block-media-text__media\"><img loading=\"lazy\" decoding=\"async\" width=\"1024\" height=\"1024\" src=\"https:\/\/3null.nothing-else-better.de\/wp-content\/uploads\/2019\/04\/Engelchen-021-e1554677088972-1024x1024.jpg\" alt=\"\" class=\"wp-image-10\" srcset=\"https:\/\/3null.nothing-else-better.de\/wp-content\/uploads\/2019\/04\/Engelchen-021-e1554677088972-1024x1024.jpg 1024w, https:\/\/3null.nothing-else-better.de\/wp-content\/uploads\/2019\/04\/Engelchen-021-e1554677088972-150x150.jpg 150w, https:\/\/3null.nothing-else-better.de\/wp-content\/uploads\/2019\/04\/Engelchen-021-e1554677088972-300x300.jpg 300w, https:\/\/3null.nothing-else-better.de\/wp-content\/uploads\/2019\/04\/Engelchen-021-e1554677088972-768x768.jpg 768w, https:\/\/3null.nothing-else-better.de\/wp-content\/uploads\/2019\/04\/Engelchen-021-e1554677088972-640x640.jpg 640w, https:\/\/3null.nothing-else-better.de\/wp-content\/uploads\/2019\/04\/Engelchen-021-e1554677088972-180x180.jpg 180w, https:\/\/3null.nothing-else-better.de\/wp-content\/uploads\/2019\/04\/Engelchen-021-e1554677088972-50x50.jpg 50w\" sizes=\"auto, (max-width: 1024px) 100vw, 1024px\" \/><\/figure><div class=\"wp-block-media-text__content\">\n<p>Thomas &#8222;Nelson&#8220; Neger<\/p>\n\n\n\n<p class=\"has-small-font-size\">Gitarre, Gesang<\/p>\n<\/div><\/div>\n\n\n\n<div class=\"wp-block-media-text\" style=\"grid-template-columns:14% auto\"><figure class=\"wp-block-media-text__media\"><img loading=\"lazy\" decoding=\"async\" width=\"1024\" height=\"1024\" src=\"https:\/\/3null.nothing-else-better.de\/wp-content\/uploads\/2019\/04\/Engelchen-022-e1554677269201-1024x1024.jpg\" alt=\"\" class=\"wp-image-8\" srcset=\"https:\/\/3null.nothing-else-better.de\/wp-content\/uploads\/2019\/04\/Engelchen-022-e1554677269201-1024x1024.jpg 1024w, https:\/\/3null.nothing-else-better.de\/wp-content\/uploads\/2019\/04\/Engelchen-022-e1554677269201-150x150.jpg 150w, https:\/\/3null.nothing-else-better.de\/wp-content\/uploads\/2019\/04\/Engelchen-022-e1554677269201-300x300.jpg 300w, https:\/\/3null.nothing-else-better.de\/wp-content\/uploads\/2019\/04\/Engelchen-022-e1554677269201-768x768.jpg 768w, https:\/\/3null.nothing-else-better.de\/wp-content\/uploads\/2019\/04\/Engelchen-022-e1554677269201-640x640.jpg 640w, https:\/\/3null.nothing-else-better.de\/wp-content\/uploads\/2019\/04\/Engelchen-022-e1554677269201-180x180.jpg 180w, https:\/\/3null.nothing-else-better.de\/wp-content\/uploads\/2019\/04\/Engelchen-022-e1554677269201-50x50.jpg 50w\" sizes=\"auto, (max-width: 1024px) 100vw, 1024px\" \/><\/figure><div class=\"wp-block-media-text__content\">\n<p>Thomas &#8222;Edge&#8220; Kopf<\/p>\n\n\n\n<p class=\"has-small-font-size\">Cajon, Gesang<\/p>\n<\/div><\/div>\n\n\n\n<div class=\"wp-block-media-text\" style=\"grid-template-columns:14% auto\"><figure class=\"wp-block-media-text__media\"><img loading=\"lazy\" decoding=\"async\" width=\"1024\" height=\"1024\" src=\"https:\/\/3null.nothing-else-better.de\/wp-content\/uploads\/2019\/04\/Engelchen-016-e1554677398754-1024x1024.jpg\" alt=\"\" class=\"wp-image-9\" srcset=\"https:\/\/3null.nothing-else-better.de\/wp-content\/uploads\/2019\/04\/Engelchen-016-e1554677398754-1024x1024.jpg 1024w, https:\/\/3null.nothing-else-better.de\/wp-content\/uploads\/2019\/04\/Engelchen-016-e1554677398754-150x150.jpg 150w, https:\/\/3null.nothing-else-better.de\/wp-content\/uploads\/2019\/04\/Engelchen-016-e1554677398754-300x300.jpg 300w, https:\/\/3null.nothing-else-better.de\/wp-content\/uploads\/2019\/04\/Engelchen-016-e1554677398754-768x768.jpg 768w, https:\/\/3null.nothing-else-better.de\/wp-content\/uploads\/2019\/04\/Engelchen-016-e1554677398754-640x640.jpg 640w, https:\/\/3null.nothing-else-better.de\/wp-content\/uploads\/2019\/04\/Engelchen-016-e1554677398754-180x180.jpg 180w, https:\/\/3null.nothing-else-better.de\/wp-content\/uploads\/2019\/04\/Engelchen-016-e1554677398754-50x50.jpg 50w\" sizes=\"auto, (max-width: 1024px) 100vw, 1024px\" \/><\/figure><div class=\"wp-block-media-text__content\">\n<p>Andreas &#8222;Bonsai&#8220; Pf\u00f6rtsch<\/p>\n\n\n\n<p class=\"has-small-font-size\">Bass, Akkordeon, Geige<\/p>\n<\/div><\/div>\n","protected":false},"excerpt":{"rendered":"<p>Drei enge Freunde, unterschiedliche musikalische Einfl\u00fcsse von Rock bis Folk, eine gemeinsame Leidenschaft. Handgemachte Musik mit Herz, Leib und Seele &#8211; das ist es, was wir beherrschen wie nichts anderes<a href=\"https:\/\/3null.nothing-else-better.de\/?page_id=5\" class=\"more-link\"><span class=\"readmore\">Continue reading<span class=\"screen-reader-text\">Band<\/span><\/span><\/a><\/p>\n","protected":false},"author":1,"featured_media":0,"parent":0,"menu_order":2,"comment_status":"closed","ping_status":"closed","template":"","meta":{"footnotes":""},"class_list":["post-5","page","type-page","status-publish","hentry"],"_links":{"self":[{"href":"https:\/\/3null.nothing-else-better.de\/index.php?rest_route=\/wp\/v2\/pages\/5","targetHints":{"allow":["GET"]}}],"collection":[{"href":"https:\/\/3null.nothing-else-better.de\/index.php?rest_route=\/wp\/v2\/pages"}],"about":[{"href":"https:\/\/3null.nothing-else-better.de\/index.php?rest_route=\/wp\/v2\/types\/page"}],"author":[{"embeddable":true,"href":"https:\/\/3null.nothing-else-better.de\/index.php?rest_route=\/wp\/v2\/users\/1"}],"replies":[{"embeddable":true,"href":"https:\/\/3null.nothing-else-better.de\/index.php?rest_route=%2Fwp%2Fv2%2Fcomments&post=5"}],"version-history":[{"count":6,"href":"https:\/\/3null.nothing-else-better.de\/index.php?rest_route=\/wp\/v2\/pages\/5\/revisions"}],"predecessor-version":[{"id":248,"href":"https:\/\/3null.nothing-else-better.de\/index.php?rest_route=\/wp\/v2\/pages\/5\/revisions\/248"}],"wp:attachment":[{"href":"https:\/\/3null.nothing-else-better.de\/index.php?rest_route=%2Fwp%2Fv2%2Fmedia&parent=5"}],"curies":[{"name":"wp","href":"https:\/\/api.w.org\/{rel}","templated":true}]}}